{"id":523,"date":"2024-04-01T02:30:02","date_gmt":"2024-04-01T05:30:02","guid":{"rendered":"https:\/\/fmsyssolucoes.com.br\/sbfis2024\/?page_id=523"},"modified":"2024-04-15T12:06:06","modified_gmt":"2024-04-15T15:06:06","slug":"sobre-nos","status":"publish","type":"page","link":"https:\/\/fmsyssolucoes.com.br\/sbfis2024\/sobre-nos\/","title":{"rendered":"Sobre N\u00f3s"},"content":{"rendered":"\t\t<div data-elementor-type=\"wp-page\" data-elementor-id=\"523\" class=\"elementor elementor-523\">\n\t\t\t\t\t\t\t<div class=\"elementor-element elementor-element-6d7e222 e-flex e-con-boxed e-con e-parent\" data-id=\"6d7e222\" data-element_type=\"container\" data-settings=\"{&quot;content_width&quot;:&quot;boxed&quot;}\" data-core-v316-plus=\"true\">\n\t\t\t\t\t<div class=\"e-con-inner\">\n\t\t<div class=\"elementor-element elementor-element-834b240 e-con-full e-flex e-con e-child\" data-id=\"834b240\" data-element_type=\"container\" data-settings=\"{&quot;content_width&quot;:&quot;full&quot;}\">\n\t\t\t\t<div class=\"elementor-element elementor-element-176585b elementor-widget elementor-widget-heading\" data-id=\"176585b\" data-element_type=\"widget\" data-widget_type=\"heading.default\">\n\t\t\t\t<div class=\"elementor-widget-container\">\n\t\t\t<style>\/*! elementor - v3.18.0 - 20-12-2023 *\/\n.elementor-heading-title{padding:0;margin:0;line-height:1}.elementor-widget-heading .elementor-heading-title[class*=elementor-size-]>a{color:inherit;font-size:inherit;line-height:inherit}.elementor-widget-heading .elementor-heading-title.elementor-size-small{font-size:15px}.elementor-widget-heading .elementor-heading-title.elementor-size-medium{font-size:19px}.elementor-widget-heading .elementor-heading-title.elementor-size-large{font-size:29px}.elementor-widget-heading .elementor-heading-title.elementor-size-xl{font-size:39px}.elementor-widget-heading .elementor-heading-title.elementor-size-xxl{font-size:59px}<\/style><h2 class=\"elementor-heading-title elementor-size-default\"><h2 style=\"margin-top: 0px; margin-bottom: 48px; font-family: &quot;Fira Sans&quot;; color: rgb(255, 156, 0); font-size: 32px; white-space-collapse: collapse;\">MUITOS ANOS DE SBFis - uma entidade dedicada a estudar como funcionam os \u00f3rg\u00e3os e sistemas de organismos vivos<\/h2><\/h2>\t\t<\/div>\n\t\t\t\t<\/div>\n\t\t\t\t<div class=\"elementor-element elementor-element-95fa914 elementor-widget elementor-widget-text-editor\" data-id=\"95fa914\" data-element_type=\"widget\" data-widget_type=\"text-editor.default\">\n\t\t\t\t<div class=\"elementor-widget-container\">\n\t\t\t<style>\/*! elementor - v3.18.0 - 20-12-2023 *\/\n.elementor-widget-text-editor.elementor-drop-cap-view-stacked .elementor-drop-cap{background-color:#69727d;color:#fff}.elementor-widget-text-editor.elementor-drop-cap-view-framed .elementor-drop-cap{color:#69727d;border:3px solid;background-color:transparent}.elementor-widget-text-editor:not(.elementor-drop-cap-view-default) .elementor-drop-cap{margin-top:8px}.elementor-widget-text-editor:not(.elementor-drop-cap-view-default) .elementor-drop-cap-letter{width:1em;height:1em}.elementor-widget-text-editor .elementor-drop-cap{float:left;text-align:center;line-height:1;font-size:50px}.elementor-widget-text-editor .elementor-drop-cap-letter{display:inline-block}<\/style>\t\t\t\t<p><span style=\"color: rgb(33, 37, 41); font-family: &quot;Fira Sans&quot;;\">Aos dez dias do m\u00eas de agosto de mil novecentos e cinq\u00fcenta e sete, reuniram-se na sede da Faculdade Nacional de Medicina, da Universidade do Brasil, grandes nomes da ci\u00eancia brasileira com o objetivo de fundar e instalar uma sociedade civil com o fim exclusivo de incentivar o desenvolvimento das Ci\u00eancias Fisiol\u00f3gicas no Brasil (ver www.sbfis.org.br). Uma das primeiras sociedades cient\u00edficas brasileiras, a SBFis \u00e9 uma associa\u00e7\u00e3o consolidada e com hist\u00f3rico de impacto em iniciativas nacionais de progresso da ci\u00eancia. Nosso Congresso Anual \u00e9 uma chance \u00fanica de conhecer, encontrar, dividir ideias, assistir a cursos e simp\u00f3sios dos principais nomes nacionais e internacionais nas Ci\u00eancias Fisiol\u00f3gicas.<\/span><br><\/p>\t\t\t\t\t\t<\/div>\n\t\t\t\t<\/div>\n\t\t<div class=\"elementor-element elementor-element-3f2e1d6 e-con-full e-flex e-con e-child\" data-id=\"3f2e1d6\" data-element_type=\"container\" data-settings=\"{&quot;content_width&quot;:&quot;full&quot;}\">\n\t\t\t\t<div class=\"elementor-element elementor-element-4c4c46a elementor-widget__width-initial elementor-widget elementor-widget-eael-creative-button\" data-id=\"4c4c46a\" data-element_type=\"widget\" data-widget_type=\"eael-creative-button.default\">\n\t\t\t\t<div class=\"elementor-widget-container\">\n\t\t\t        <div class=\"eael-creative-button-wrapper\">\n\n            <a class=\"eael-creative-button eael-creative-button--default\" href=\"https:\/\/www.sbfis.org.br\/\" data-text=\"\">\n\n\t    \n                <div class=\"creative-button-inner\">\n\n                    \n                    <span class=\"cretive-button-text\">P\u00e1gina da SBFis<\/span>\n\n                                    <\/div>\n\t                        <\/a>\n        <\/div>\n\t\t<\/div>\n\t\t\t\t<\/div>\n\t\t\t\t<\/div>\n\t\t<div class=\"elementor-element elementor-element-7c3f4ce e-con-full e-flex e-con e-child\" data-id=\"7c3f4ce\" data-element_type=\"container\" data-settings=\"{&quot;content_width&quot;:&quot;full&quot;}\">\n\t\t\t\t<div class=\"elementor-element elementor-element-576fe4e elementor-widget__width-initial elementor-widget elementor-widget-eael-creative-button\" data-id=\"576fe4e\" data-element_type=\"widget\" data-widget_type=\"eael-creative-button.default\">\n\t\t\t\t<div class=\"elementor-widget-container\">\n\t\t\t        <div class=\"eael-creative-button-wrapper\">\n\n            <a class=\"eael-creative-button eael-creative-button--default\" href=\"https:\/\/www.sbfis.org.br\/pagina\/venhasersocio\" data-text=\"\">\n\n\t    \n                <div class=\"creative-button-inner\">\n\n                    \n                    <span class=\"cretive-button-text\">Seja S\u00f3cio<\/span>\n\n                                    <\/div>\n\t                        <\/a>\n        <\/div>\n\t\t<\/div>\n\t\t\t\t<\/div>\n\t\t\t\t<\/div>\n\t\t\t\t<\/div>\n\t\t<div class=\"elementor-element elementor-element-2c0c2d8 e-con-full e-flex e-con e-child\" data-id=\"2c0c2d8\" data-element_type=\"container\" data-settings=\"{&quot;content_width&quot;:&quot;full&quot;}\">\n\t\t\t\t<div class=\"elementor-element elementor-element-fe21e3a elementor-widget elementor-widget-image\" data-id=\"fe21e3a\" data-element_type=\"widget\" data-widget_type=\"image.default\">\n\t\t\t\t<div class=\"elementor-widget-container\">\n\t\t\t<style>\/*! elementor - v3.18.0 - 20-12-2023 *\/\n.elementor-widget-image{text-align:center}.elementor-widget-image a{display:inline-block}.elementor-widget-image a img[src$=\".svg\"]{width:48px}.elementor-widget-image img{vertical-align:middle;display:inline-block}<\/style>\t\t\t\t\t\t\t\t\t\t\t\t<img fetchpriority=\"high\" decoding=\"async\" width=\"1024\" height=\"1024\" src=\"https:\/\/fmsyssolucoes.com.br\/sbfis2024\/wp-content\/uploads\/2024\/01\/chamada-SBFis-2024-1024x1024.png\" class=\"attachment-large size-large wp-image-357\" alt=\"\" srcset=\"https:\/\/fmsyssolucoes.com.br\/sbfis2024\/wp-content\/uploads\/2024\/01\/chamada-SBFis-2024-1024x1024.png 1024w, https:\/\/fmsyssolucoes.com.br\/sbfis2024\/wp-content\/uploads\/2024\/01\/chamada-SBFis-2024-300x300.png 300w, https:\/\/fmsyssolucoes.com.br\/sbfis2024\/wp-content\/uploads\/2024\/01\/chamada-SBFis-2024-150x150.png 150w, https:\/\/fmsyssolucoes.com.br\/sbfis2024\/wp-content\/uploads\/2024\/01\/chamada-SBFis-2024-768x768.png 768w, https:\/\/fmsyssolucoes.com.br\/sbfis2024\/wp-content\/uploads\/2024\/01\/chamada-SBFis-2024-600x600.png 600w, https:\/\/fmsyssolucoes.com.br\/sbfis2024\/wp-content\/uploads\/2024\/01\/chamada-SBFis-2024-100x100.png 100w, https:\/\/fmsyssolucoes.com.br\/sbfis2024\/wp-content\/uploads\/2024\/01\/chamada-SBFis-2024.png 1080w\" sizes=\"(max-width: 1024px) 100vw, 1024px\" \/>\t\t\t\t\t\t\t\t\t\t\t\t\t\t\t<\/div>\n\t\t\t\t<\/div>\n\t\t\t\t<\/div>\n\t\t\t\t\t<\/div>\n\t\t\t\t<\/div>\n\t\t\t\t\t\t\t<\/div>\n\t\t","protected":false},"excerpt":{"rendered":"<p>MUITOS ANOS DE SBFis &#8211; uma entidade dedicada a estudar como funcionam os \u00f3rg\u00e3os e sistemas de organismos vivos Aos dez dias do m\u00eas de agosto de mil novecentos e cinq\u00fcenta e sete, reuniram-se na sede da Faculdade Nacional de Medicina, da Universidade do Brasil, grandes nomes da ci\u00eancia brasileira com o objetivo de fundar [&hellip;]<\/p>\n","protected":false},"author":1,"featured_media":0,"parent":0,"menu_order":0,"comment_status":"closed","ping_status":"closed","template":"","meta":{"_eb_attr":"","footnotes":""},"class_list":["post-523","page","type-page","status-publish","hentry"],"jetpack_sharing_enabled":true,"_links":{"self":[{"href":"https:\/\/fmsyssolucoes.com.br\/sbfis2024\/wp-json\/wp\/v2\/pages\/523","targetHints":{"allow":["GET"]}}],"collection":[{"href":"https:\/\/fmsyssolucoes.com.br\/sbfis2024\/wp-json\/wp\/v2\/pages"}],"about":[{"href":"https:\/\/fmsyssolucoes.com.br\/sbfis2024\/wp-json\/wp\/v2\/types\/page"}],"author":[{"embeddable":true,"href":"https:\/\/fmsyssolucoes.com.br\/sbfis2024\/wp-json\/wp\/v2\/users\/1"}],"replies":[{"embeddable":true,"href":"https:\/\/fmsyssolucoes.com.br\/sbfis2024\/wp-json\/wp\/v2\/comments?post=523"}],"version-history":[{"count":13,"href":"https:\/\/fmsyssolucoes.com.br\/sbfis2024\/wp-json\/wp\/v2\/pages\/523\/revisions"}],"predecessor-version":[{"id":587,"href":"https:\/\/fmsyssolucoes.com.br\/sbfis2024\/wp-json\/wp\/v2\/pages\/523\/revisions\/587"}],"wp:attachment":[{"href":"https:\/\/fmsyssolucoes.com.br\/sbfis2024\/wp-json\/wp\/v2\/media?parent=523"}],"curies":[{"name":"wp","href":"https:\/\/api.w.org\/{rel}","templated":true}]}}