{"id":503,"date":"2024-04-01T01:58:46","date_gmt":"2024-04-01T04:58:46","guid":{"rendered":"https:\/\/fmsyssolucoes.com.br\/sbfis2024\/?page_id=503"},"modified":"2024-04-15T12:39:37","modified_gmt":"2024-04-15T15:39:37","slug":"organizadores-do-evento-e-comissao-cientifica","status":"publish","type":"page","link":"https:\/\/fmsyssolucoes.com.br\/sbfis2024\/organizadores-do-evento-e-comissao-cientifica\/","title":{"rendered":"ORGANIZADORES DO EVENTO E COMISS\u00c3O CIENT\u00cdFICA"},"content":{"rendered":"\t\t<div data-elementor-type=\"wp-page\" data-elementor-id=\"503\" class=\"elementor elementor-503\">\n\t\t\t\t\t\t\t<div class=\"elementor-element elementor-element-47a0ffa e-flex e-con-boxed e-con e-parent\" data-id=\"47a0ffa\" data-element_type=\"container\" data-settings=\"{&quot;content_width&quot;:&quot;boxed&quot;}\" data-core-v316-plus=\"true\">\n\t\t\t\t\t<div class=\"e-con-inner\">\n\t\t\t\t<div class=\"elementor-element elementor-element-10dc74ce elementor-drop-cap-yes elementor-drop-cap-view-default elementor-widget elementor-widget-text-editor\" data-id=\"10dc74ce\" data-element_type=\"widget\" data-settings=\"{&quot;drop_cap&quot;:&quot;yes&quot;}\" data-widget_type=\"text-editor.default\">\n\t\t\t\t<div class=\"elementor-widget-container\">\n\t\t\t<style>\/*! elementor - v3.18.0 - 20-12-2023 *\/\n.elementor-widget-text-editor.elementor-drop-cap-view-stacked .elementor-drop-cap{background-color:#69727d;color:#fff}.elementor-widget-text-editor.elementor-drop-cap-view-framed .elementor-drop-cap{color:#69727d;border:3px solid;background-color:transparent}.elementor-widget-text-editor:not(.elementor-drop-cap-view-default) .elementor-drop-cap{margin-top:8px}.elementor-widget-text-editor:not(.elementor-drop-cap-view-default) .elementor-drop-cap-letter{width:1em;height:1em}.elementor-widget-text-editor .elementor-drop-cap{float:left;text-align:center;line-height:1;font-size:50px}.elementor-widget-text-editor .elementor-drop-cap-letter{display:inline-block}<\/style>\t\t\t\t<p><!-- wp:paragraph {\"align\":\"center\",\"fontSize\":\"medium\"} --><\/p>\n<p class=\"has-text-align-center has-medium-font-size\">A comiss\u00e3o cient\u00edfica e os organizadores do evento foram indicados dentre os S\u00f3cios adimplentes da SBFis.<\/p>\n<p><!-- \/wp:paragraph --><!-- wp:paragraph --><!-- \/wp:paragraph --><!-- wp:image {\"id\":442,\"width\":\"200px\",\"height\":\"200px\",\"scale\":\"cover\",\"sizeSlug\":\"full\",\"linkDestination\":\"none\"} --><\/p>\n<figure class=\"wp-block-image size-full is-resized\"><img fetchpriority=\"high\" decoding=\"async\" width=\"393\" height=\"393\" class=\"wp-image-442\" style=\"object-fit: cover; width: 200px; height: 200px;\" src=\"https:\/\/fmsyssolucoes.com.br\/sbfis2024\/wp-content\/uploads\/2024\/01\/Andre-foto.png\" alt=\"\" srcset=\"https:\/\/fmsyssolucoes.com.br\/sbfis2024\/wp-content\/uploads\/2024\/01\/Andre-foto.png 393w, https:\/\/fmsyssolucoes.com.br\/sbfis2024\/wp-content\/uploads\/2024\/01\/Andre-foto-300x300.png 300w, https:\/\/fmsyssolucoes.com.br\/sbfis2024\/wp-content\/uploads\/2024\/01\/Andre-foto-150x150.png 150w, https:\/\/fmsyssolucoes.com.br\/sbfis2024\/wp-content\/uploads\/2024\/01\/Andre-foto-100x100.png 100w\" sizes=\"(max-width: 393px) 100vw, 393px\" \/><\/figure>\n<p><!-- \/wp:image --><!-- wp:heading {\"level\":4} --><\/p>\n<h4 class=\"wp-block-heading\">Andr\u00e9 Ricardo Massensini<\/h4>\n<p><!-- \/wp:heading --><!-- wp:paragraph --><\/p>\n<p>Presidente da Comiss\u00e3o Cient\u00edfica do LIX SBFis<\/p>\n<p><!-- \/wp:paragraph --><!-- wp:image {\"id\":332,\"width\":\"200px\",\"height\":\"200px\",\"scale\":\"cover\",\"sizeSlug\":\"full\",\"linkDestination\":\"none\"} --><\/p>\n<figure class=\"wp-block-image size-full is-resized\"><img decoding=\"async\" width=\"167\" height=\"167\" class=\"wp-image-332\" style=\"object-fit: cover; width: 200px; height: 200px;\" src=\"https:\/\/fmsyssolucoes.com.br\/sbfis2024\/wp-content\/uploads\/2024\/01\/BeneditoFoto.png\" alt=\"\" srcset=\"https:\/\/fmsyssolucoes.com.br\/sbfis2024\/wp-content\/uploads\/2024\/01\/BeneditoFoto.png 167w, https:\/\/fmsyssolucoes.com.br\/sbfis2024\/wp-content\/uploads\/2024\/01\/BeneditoFoto-150x150.png 150w, https:\/\/fmsyssolucoes.com.br\/sbfis2024\/wp-content\/uploads\/2024\/01\/BeneditoFoto-100x100.png 100w\" sizes=\"(max-width: 167px) 100vw, 167px\" \/><\/figure>\n<p><!-- \/wp:image --><!-- wp:heading {\"level\":4} --><\/p>\n<h4 class=\"wp-block-heading\">Benedito Hon\u00f3rio Machado<\/h4>\n<p><!-- \/wp:heading --><!-- wp:paragraph --><\/p>\n<p>Comiss\u00e3o Cient\u00edfica &#8211; Conselheiro Organiza\u00e7\u00e3o<span style=\"color: var( --e-global-color-text ); font-family: var( --e-global-typography-text-font-family ), Sans-serif; font-weight: var( --e-global-typography-text-font-weight ); text-align: var(--text-align);\">\u00a0<\/span><\/p>\n<p><!-- \/wp:list-item --><\/p>\n<p><!-- \/wp:list --><!-- wp:image {\"id\":324,\"width\":\"200px\",\"height\":\"200px\",\"scale\":\"cover\",\"sizeSlug\":\"full\",\"linkDestination\":\"none\"} --><\/p>\n<figure class=\"wp-block-image size-full is-resized\"><img decoding=\"async\" width=\"200\" height=\"200\" class=\"wp-image-324\" style=\"object-fit: cover; width: 200px; height: 200px;\" src=\"https:\/\/fmsyssolucoes.com.br\/sbfis2024\/wp-content\/uploads\/2024\/01\/Armenio-Foto.png\" alt=\"\" srcset=\"https:\/\/fmsyssolucoes.com.br\/sbfis2024\/wp-content\/uploads\/2024\/01\/Armenio-Foto.png 200w, https:\/\/fmsyssolucoes.com.br\/sbfis2024\/wp-content\/uploads\/2024\/01\/Armenio-Foto-150x150.png 150w, https:\/\/fmsyssolucoes.com.br\/sbfis2024\/wp-content\/uploads\/2024\/01\/Armenio-Foto-100x100.png 100w\" sizes=\"(max-width: 200px) 100vw, 200px\" \/><\/figure>\n<p><!-- \/wp:image --><!-- wp:heading {\"level\":4} --><\/p>\n<h4 class=\"wp-block-heading\">Armenio Aguiar dos Santos<\/h4>\n<p><!-- \/wp:heading --><!-- wp:paragraph --><\/p>\n<p>Comiss\u00e3o Cient\u00edfica &#8211; Fisiologia Digest\u00f3ria<\/p>\n<p><!-- \/wp:paragraph --><!-- wp:paragraph --><\/p>\n<p><!-- \/wp:paragraph --><!-- wp:image {\"id\":325,\"width\":\"200px\",\"height\":\"200px\",\"scale\":\"cover\",\"sizeSlug\":\"full\",\"linkDestination\":\"none\"} --><\/p>\n<figure class=\"wp-block-image size-full is-resized\"><img loading=\"lazy\" decoding=\"async\" width=\"176\" height=\"176\" class=\"wp-image-325\" style=\"object-fit: cover; width: 200px; height: 200px;\" src=\"https:\/\/fmsyssolucoes.com.br\/sbfis2024\/wp-content\/uploads\/2024\/01\/Maria-Irigoyen-foto-e1705941112258.png\" alt=\"\" srcset=\"https:\/\/fmsyssolucoes.com.br\/sbfis2024\/wp-content\/uploads\/2024\/01\/Maria-Irigoyen-foto-e1705941112258.png 176w, https:\/\/fmsyssolucoes.com.br\/sbfis2024\/wp-content\/uploads\/2024\/01\/Maria-Irigoyen-foto-e1705941112258-150x150.png 150w, https:\/\/fmsyssolucoes.com.br\/sbfis2024\/wp-content\/uploads\/2024\/01\/Maria-Irigoyen-foto-e1705941112258-100x100.png 100w\" sizes=\"(max-width: 176px) 100vw, 176px\" \/><\/figure>\n<p><!-- \/wp:image --><!-- wp:heading {\"level\":4} --><\/p>\n<h4 class=\"wp-block-heading\">Maria Claudia Costa Irigoyen<\/h4>\n<p><!-- \/wp:heading --><!-- wp:paragraph --><\/p>\n<p>Comiss\u00e3o Cient\u00edfica &#8211; Cardiovascular<\/p>\n<p><!-- \/wp:list-item --><\/p>\n<p><!-- \/wp:list --><!-- wp:image {\"id\":327,\"sizeSlug\":\"full\",\"linkDestination\":\"none\"} --><\/p>\n<figure class=\"wp-block-image size-full\"><img loading=\"lazy\" decoding=\"async\" width=\"218\" height=\"218\" class=\"wp-image-327\" src=\"https:\/\/fmsyssolucoes.com.br\/sbfis2024\/wp-content\/uploads\/2024\/01\/Maria-Elisa-Foto-e1705941154186.png\" alt=\"\" srcset=\"https:\/\/fmsyssolucoes.com.br\/sbfis2024\/wp-content\/uploads\/2024\/01\/Maria-Elisa-Foto-e1705941154186.png 218w, https:\/\/fmsyssolucoes.com.br\/sbfis2024\/wp-content\/uploads\/2024\/01\/Maria-Elisa-Foto-e1705941154186-150x150.png 150w, https:\/\/fmsyssolucoes.com.br\/sbfis2024\/wp-content\/uploads\/2024\/01\/Maria-Elisa-Foto-e1705941154186-100x100.png 100w\" sizes=\"(max-width: 218px) 100vw, 218px\" \/><\/figure>\n<p><!-- \/wp:image --><!-- wp:heading {\"level\":4} --><\/p>\n<h4 class=\"wp-block-heading\">Maria Elisa Calcagnotto<\/h4>\n<p><!-- \/wp:heading --><!-- wp:paragraph --><\/p>\n<p>Comiss\u00e3o Cient\u00edfica &#8211; Neurofisiologia<\/p>\n<p><!-- \/wp:list-item --><\/p>\n<p><!-- \/wp:list --><!-- wp:image {\"id\":328,\"width\":\"200px\",\"height\":\"200px\",\"scale\":\"cover\",\"sizeSlug\":\"full\",\"linkDestination\":\"none\"} --><\/p>\n<figure class=\"wp-block-image size-full is-resized\"><img loading=\"lazy\" decoding=\"async\" width=\"150\" height=\"150\" class=\"wp-image-328\" style=\"object-fit: cover; width: 200px; height: 200px;\" src=\"https:\/\/fmsyssolucoes.com.br\/sbfis2024\/wp-content\/uploads\/2024\/01\/celso-caruso-foto.png\" alt=\"\" srcset=\"https:\/\/fmsyssolucoes.com.br\/sbfis2024\/wp-content\/uploads\/2024\/01\/celso-caruso-foto.png 150w, https:\/\/fmsyssolucoes.com.br\/sbfis2024\/wp-content\/uploads\/2024\/01\/celso-caruso-foto-100x100.png 100w\" sizes=\"(max-width: 150px) 100vw, 150px\" \/><\/figure>\n<p><!-- \/wp:image --><!-- wp:heading {\"level\":4} --><\/p>\n<h4 class=\"wp-block-heading\">Celso Caruso Neves<\/h4>\n<p><!-- \/wp:heading --><!-- wp:paragraph --><\/p>\n<p>Comiss\u00e3o Cient\u00edfica &#8211; Fisiologia Renal<\/p>\n<p><!-- \/wp:paragraph --><!-- wp:image {\"id\":330,\"width\":\"200px\",\"height\":\"200px\",\"scale\":\"cover\",\"sizeSlug\":\"full\",\"linkDestination\":\"none\"} --><\/p>\n<figure class=\"wp-block-image size-full is-resized\"><img loading=\"lazy\" decoding=\"async\" width=\"260\" height=\"260\" class=\"wp-image-330\" style=\"object-fit: cover; width: 200px; height: 200px;\" src=\"https:\/\/fmsyssolucoes.com.br\/sbfis2024\/wp-content\/uploads\/2024\/01\/Glauber-foto.png\" alt=\"\" srcset=\"https:\/\/fmsyssolucoes.com.br\/sbfis2024\/wp-content\/uploads\/2024\/01\/Glauber-foto.png 260w, https:\/\/fmsyssolucoes.com.br\/sbfis2024\/wp-content\/uploads\/2024\/01\/Glauber-foto-150x150.png 150w, https:\/\/fmsyssolucoes.com.br\/sbfis2024\/wp-content\/uploads\/2024\/01\/Glauber-foto-100x100.png 100w\" sizes=\"(max-width: 260px) 100vw, 260px\" \/><\/figure>\n<p><!-- \/wp:image --><!-- wp:heading {\"level\":4} --><\/p>\n<h4 class=\"wp-block-heading\">Glauber S F da Silva<\/h4>\n<p><!-- \/wp:heading --><!-- wp:paragraph --><\/p>\n<p>Comiss\u00e3o Cient\u00edfica &#8211; Fisiologia Respirat\u00f3ria<\/p>\n<p><!-- \/wp:paragraph --><!-- wp:image {\"id\":337,\"width\":\"200px\",\"height\":\"200px\",\"scale\":\"cover\",\"sizeSlug\":\"full\",\"linkDestination\":\"none\"} --><\/p>\n<figure class=\"wp-block-image size-full is-resized\"><img loading=\"lazy\" decoding=\"async\" width=\"315\" height=\"315\" class=\"wp-image-337\" style=\"object-fit: cover; width: 200px; height: 200px;\" src=\"https:\/\/fmsyssolucoes.com.br\/sbfis2024\/wp-content\/uploads\/2024\/01\/Raphael-foto.png\" alt=\"\" srcset=\"https:\/\/fmsyssolucoes.com.br\/sbfis2024\/wp-content\/uploads\/2024\/01\/Raphael-foto.png 315w, https:\/\/fmsyssolucoes.com.br\/sbfis2024\/wp-content\/uploads\/2024\/01\/Raphael-foto-300x300.png 300w, https:\/\/fmsyssolucoes.com.br\/sbfis2024\/wp-content\/uploads\/2024\/01\/Raphael-foto-150x150.png 150w, https:\/\/fmsyssolucoes.com.br\/sbfis2024\/wp-content\/uploads\/2024\/01\/Raphael-foto-100x100.png 100w\" sizes=\"(max-width: 315px) 100vw, 315px\" \/><\/figure>\n<p><!-- \/wp:image --><!-- wp:heading {\"level\":4} --><\/p>\n<h4 class=\"wp-block-heading\">Raphael Escorsim Szawka<\/h4>\n<p><!-- \/wp:heading --><!-- wp:paragraph --><\/p>\n<p>Comiss\u00e3o Cient\u00edfica &#8211; Fisiologia End\u00f3crina<\/p>\n<p><!-- \/wp:paragraph --><!-- wp:image {\"id\":338,\"width\":\"200px\",\"height\":\"200px\",\"scale\":\"cover\",\"sizeSlug\":\"full\",\"linkDestination\":\"none\"} --><\/p>\n<figure class=\"wp-block-image size-full is-resized\"><img loading=\"lazy\" decoding=\"async\" width=\"264\" height=\"264\" class=\"wp-image-338\" style=\"object-fit: cover; width: 200px; height: 200px;\" src=\"https:\/\/fmsyssolucoes.com.br\/sbfis2024\/wp-content\/uploads\/2024\/01\/Rita-Dornelles-foto.png\" alt=\"\" srcset=\"https:\/\/fmsyssolucoes.com.br\/sbfis2024\/wp-content\/uploads\/2024\/01\/Rita-Dornelles-foto.png 264w, https:\/\/fmsyssolucoes.com.br\/sbfis2024\/wp-content\/uploads\/2024\/01\/Rita-Dornelles-foto-150x150.png 150w, https:\/\/fmsyssolucoes.com.br\/sbfis2024\/wp-content\/uploads\/2024\/01\/Rita-Dornelles-foto-100x100.png 100w\" sizes=\"(max-width: 264px) 100vw, 264px\" \/><\/figure>\n<p><!-- \/wp:image --><!-- wp:heading {\"level\":4} --><\/p>\n<h4 class=\"wp-block-heading\">Rita C\u00e1ssia Menegati Dornelles<\/h4>\n<p><!-- \/wp:heading --><!-- wp:paragraph --><\/p>\n<p>Coordenadora do PPGMCF &#8211; Comiss\u00e3o Cient\u00edfica<\/p>\n<p><!-- \/wp:paragraph --><!-- wp:image {\"id\":416,\"width\":\"200px\",\"height\":\"200px\",\"scale\":\"cover\",\"sizeSlug\":\"full\",\"linkDestination\":\"none\"} --><\/p>\n<figure class=\"wp-block-image size-full is-resized\"><img loading=\"lazy\" decoding=\"async\" width=\"158\" height=\"158\" class=\"wp-image-416\" style=\"object-fit: cover; width: 200px; height: 200px;\" src=\"https:\/\/fmsyssolucoes.com.br\/sbfis2024\/wp-content\/uploads\/2024\/01\/Luiz-Eugenio-foto.png\" alt=\"\" srcset=\"https:\/\/fmsyssolucoes.com.br\/sbfis2024\/wp-content\/uploads\/2024\/01\/Luiz-Eugenio-foto.png 158w, https:\/\/fmsyssolucoes.com.br\/sbfis2024\/wp-content\/uploads\/2024\/01\/Luiz-Eugenio-foto-150x150.png 150w, https:\/\/fmsyssolucoes.com.br\/sbfis2024\/wp-content\/uploads\/2024\/01\/Luiz-Eugenio-foto-100x100.png 100w\" sizes=\"(max-width: 158px) 100vw, 158px\" \/><\/figure>\n<p><!-- \/wp:image --><!-- wp:heading {\"level\":4} --><\/p>\n<h4 class=\"wp-block-heading\">Lu\u00eds Eug\u00eanio Mello<\/h4>\n<p><!-- \/wp:heading --><!-- wp:paragraph --><\/p>\n<p>Comiss\u00e3o Cient\u00edfica &#8211; Tecnologia e Inova\u00e7\u00e3o<\/p>\n<p><!-- \/wp:paragraph --><\/p>\t\t\t\t\t\t<\/div>\n\t\t\t\t<\/div>\n\t\t\t\t\t<\/div>\n\t\t\t\t<\/div>\n\t\t\t\t\t\t\t<\/div>\n\t\t","protected":false},"excerpt":{"rendered":"<p>A comiss\u00e3o cient\u00edfica e os organizadores do evento foram indicados dentre os S\u00f3cios adimplentes da SBFis. Andr\u00e9 Ricardo Massensini Presidente da Comiss\u00e3o Cient\u00edfica do LIX SBFis Benedito Hon\u00f3rio Machado Comiss\u00e3o Cient\u00edfica &#8211; Conselheiro Organiza\u00e7\u00e3o\u00a0 Armenio Aguiar dos Santos Comiss\u00e3o Cient\u00edfica &#8211; Fisiologia Digest\u00f3ria Maria Claudia Costa Irigoyen Comiss\u00e3o Cient\u00edfica &#8211; Cardiovascular Maria Elisa Calcagnotto Comiss\u00e3o [&hellip;]<\/p>\n","protected":false},"author":1,"featured_media":0,"parent":0,"menu_order":0,"comment_status":"closed","ping_status":"closed","template":"","meta":{"_eb_attr":"","footnotes":""},"class_list":["post-503","page","type-page","status-publish","hentry"],"jetpack_sharing_enabled":true,"_links":{"self":[{"href":"https:\/\/fmsyssolucoes.com.br\/sbfis2024\/wp-json\/wp\/v2\/pages\/503","targetHints":{"allow":["GET"]}}],"collection":[{"href":"https:\/\/fmsyssolucoes.com.br\/sbfis2024\/wp-json\/wp\/v2\/pages"}],"about":[{"href":"https:\/\/fmsyssolucoes.com.br\/sbfis2024\/wp-json\/wp\/v2\/types\/page"}],"author":[{"embeddable":true,"href":"https:\/\/fmsyssolucoes.com.br\/sbfis2024\/wp-json\/wp\/v2\/users\/1"}],"replies":[{"embeddable":true,"href":"https:\/\/fmsyssolucoes.com.br\/sbfis2024\/wp-json\/wp\/v2\/comments?post=503"}],"version-history":[{"count":4,"href":"https:\/\/fmsyssolucoes.com.br\/sbfis2024\/wp-json\/wp\/v2\/pages\/503\/revisions"}],"predecessor-version":[{"id":507,"href":"https:\/\/fmsyssolucoes.com.br\/sbfis2024\/wp-json\/wp\/v2\/pages\/503\/revisions\/507"}],"wp:attachment":[{"href":"https:\/\/fmsyssolucoes.com.br\/sbfis2024\/wp-json\/wp\/v2\/media?parent=503"}],"curies":[{"name":"wp","href":"https:\/\/api.w.org\/{rel}","templated":true}]}}