{"id":494,"date":"2024-04-01T02:57:33","date_gmt":"2024-04-01T02:57:33","guid":{"rendered":"https:\/\/fmsyssolucoes.com.br\/sbfis2024\/?page_id=494"},"modified":"2024-04-01T03:33:03","modified_gmt":"2024-04-01T06:33:03","slug":"inscricao-para-o-congresso","status":"publish","type":"page","link":"https:\/\/fmsyssolucoes.com.br\/sbfis2024\/inscricao-para-o-congresso\/","title":{"rendered":"INSCRI\u00c7\u00c3O PARA O CONGRESSO"},"content":{"rendered":"\t\t<div data-elementor-type=\"wp-page\" data-elementor-id=\"494\" class=\"elementor elementor-494\">\n\t\t\t\t\t\t\t<div class=\"elementor-element elementor-element-8bc0c98 e-flex e-con-boxed e-con e-parent\" data-id=\"8bc0c98\" data-element_type=\"container\" data-settings=\"{&quot;content_width&quot;:&quot;boxed&quot;}\" data-core-v316-plus=\"true\">\n\t\t\t\t\t<div class=\"e-con-inner\">\n\t\t\t\t<div class=\"elementor-element elementor-element-7cc6273 elementor-widget__width-initial elementor-widget elementor-widget-heading\" data-id=\"7cc6273\" data-element_type=\"widget\" data-widget_type=\"heading.default\">\n\t\t\t\t<div class=\"elementor-widget-container\">\n\t\t\t<style>\/*! elementor - v3.18.0 - 20-12-2023 *\/\n.elementor-heading-title{padding:0;margin:0;line-height:1}.elementor-widget-heading .elementor-heading-title[class*=elementor-size-]>a{color:inherit;font-size:inherit;line-height:inherit}.elementor-widget-heading .elementor-heading-title.elementor-size-small{font-size:15px}.elementor-widget-heading .elementor-heading-title.elementor-size-medium{font-size:19px}.elementor-widget-heading .elementor-heading-title.elementor-size-large{font-size:29px}.elementor-widget-heading .elementor-heading-title.elementor-size-xl{font-size:39px}.elementor-widget-heading .elementor-heading-title.elementor-size-xxl{font-size:59px}<\/style><h2 class=\"elementor-heading-title elementor-size-default\"><div data-id=\"ac4364f\" data-element_type=\"widget\" data-widget_type=\"heading.default\" style=\"flex-basis: var(--flex-basis); flex-grow: var(--flex-grow); flex-shrink: var(--flex-shrink); order: var(--order); align-self: var(--align-self); flex-direction: var(--flex-direction); flex-wrap: var(--flex-wrap); justify-content: var(--justify-content); align-items: var(--align-items); align-content: var(--align-content); gap: var(--gap); --swiper-theme-color: #000; --swiper-navigation-size: 44px; --swiper-pagination-bullet-size: 6px; --swiper-pagination-bullet-horizontal-gap: 6px; --widgets-spacing: 20px 20px; text-align: center; max-width: 100%; color: rgb(33, 37, 41); font-family: &quot;Fira Sans&quot;; font-size: 16px; font-weight: 400; letter-spacing: normal; white-space-collapse: collapse;\"><div style=\"transition: background .3s,border .3s,border-radius .3s,box-shadow .3s,transform var(--e-transform-transition-duration,.4s); height: 60px; margin: 0px; padding: 0px;\"><h1 style=\"font-family: var( --e-global-typography-primary-font-family ), Sans-serif; font-weight: var( --e-global-typography-primary-font-weight ); color: rgb(40, 100, 56);\">INSCRI\u00c7\u00c3O PARA O CONGRESSO<\/h1><\/div><\/div><\/h2>\t\t<\/div>\n\t\t\t\t<\/div>\n\t\t\t\t\t<\/div>\n\t\t\t\t<\/div>\n\t\t<div class=\"elementor-element elementor-element-d7c559f e-flex e-con-boxed e-con e-parent\" data-id=\"d7c559f\" data-element_type=\"container\" data-settings=\"{&quot;content_width&quot;:&quot;boxed&quot;}\" data-core-v316-plus=\"true\">\n\t\t\t\t\t<div class=\"e-con-inner\">\n\t\t\t\t\t<\/div>\n\t\t\t\t<\/div>\n\t\t<div class=\"elementor-element elementor-element-6473755 e-flex e-con-boxed e-con e-parent\" data-id=\"6473755\" data-element_type=\"container\" data-settings=\"{&quot;content_width&quot;:&quot;boxed&quot;}\" data-core-v316-plus=\"true\">\n\t\t\t\t\t<div class=\"e-con-inner\">\n\t\t\t\t<div class=\"elementor-element elementor-element-2ef47861 elementor-widget elementor-widget-text-editor\" data-id=\"2ef47861\" data-element_type=\"widget\" data-widget_type=\"text-editor.default\">\n\t\t\t\t<div class=\"elementor-widget-container\">\n\t\t\t<style>\/*! elementor - v3.18.0 - 20-12-2023 *\/\n.elementor-widget-text-editor.elementor-drop-cap-view-stacked .elementor-drop-cap{background-color:#69727d;color:#fff}.elementor-widget-text-editor.elementor-drop-cap-view-framed .elementor-drop-cap{color:#69727d;border:3px solid;background-color:transparent}.elementor-widget-text-editor:not(.elementor-drop-cap-view-default) .elementor-drop-cap{margin-top:8px}.elementor-widget-text-editor:not(.elementor-drop-cap-view-default) .elementor-drop-cap-letter{width:1em;height:1em}.elementor-widget-text-editor .elementor-drop-cap{float:left;text-align:center;line-height:1;font-size:50px}.elementor-widget-text-editor .elementor-drop-cap-letter{display:inline-block}<\/style>\t\t\t\t<p><!-- wp:heading {\"level\":1,\"fontSize\":\"medium\"} --><\/p>\n<h1 class=\"wp-block-heading has-medium-font-size\">Data prevista para abertura das inscri\u00e7\u00f5es:\u00a0<strong>1 abril 2024<\/strong><\/h1>\n<p><!-- \/wp:heading --><\/p>\n<p><!-- wp:heading {\"textAlign\":\"center\",\"level\":1,\"fontSize\":\"large\"} --><\/p>\n<h1 class=\"wp-block-heading has-text-align-center has-large-font-size\"><strong><strong>S\u00f3cio<\/strong><\/strong><\/h1>\n<p><!-- \/wp:heading --><\/p>\n<p><!-- wp:table --><\/p>\n<figure id=\"eael-data-table-804fc05\" class=\"wp-block-table\">\n<table>\n<thead>\n<tr>\n<th colspan=\"\">\u00a0<\/th>\n<th colspan=\"\"><span class=\"data-table-header-text\">Professor<\/span><\/th>\n<th colspan=\"\"><span class=\"data-table-header-text\">P\u00f3s-Doutor<\/span><\/th>\n<th colspan=\"\"><span class=\"data-table-header-text\">T\u00e9cnico-Laborat\u00f3rio<\/span><\/th>\n<th colspan=\"\"><span class=\"data-table-header-text\">P\u00f3s-Graduando<\/span><\/th>\n<th colspan=\"\"><span class=\"data-table-header-text\">Graduando<\/span><\/th>\n<\/tr>\n<\/thead>\n<tbody>\n<tr>\n<td colspan=\"\" rowspan=\"\">\n<div class=\"td-content-wrapper\">\n<div class=\"td-content\">1o Lote<\/div>\n<\/div>\n<\/td>\n<td colspan=\"\" rowspan=\"\">\n<div class=\"td-content-wrapper\">\n<div class=\"td-content\">R$ 430,00<\/div>\n<\/div>\n<\/td>\n<td colspan=\"\" rowspan=\"\">\n<div class=\"td-content-wrapper\">\n<div class=\"td-content\">R$ 340,00<\/div>\n<\/div>\n<\/td>\n<td colspan=\"\" rowspan=\"\">\n<div class=\"td-content-wrapper\">\n<div class=\"td-content\">R$ 340,00<\/div>\n<\/div>\n<\/td>\n<td colspan=\"\" rowspan=\"\">\n<div class=\"td-content-wrapper\">\n<div class=\"td-content\">R$ 220,00<\/div>\n<\/div>\n<\/td>\n<td colspan=\"\" rowspan=\"\">\n<div class=\"td-content-wrapper\">\n<div class=\"td-content\">R$ 130,00<\/div>\n<\/div>\n<\/td>\n<\/tr>\n<tr>\n<td colspan=\"\" rowspan=\"\">\n<div class=\"td-content-wrapper\">\n<div class=\"td-content\">2o Lote<\/div>\n<\/div>\n<\/td>\n<td colspan=\"\" rowspan=\"\">\n<div class=\"td-content-wrapper\">\n<div class=\"td-content\">R$ 485,00<\/div>\n<\/div>\n<\/td>\n<td colspan=\"\" rowspan=\"\">\n<div class=\"td-content-wrapper\">\n<div class=\"td-content\">R$ 385,00<\/div>\n<\/div>\n<\/td>\n<td colspan=\"\" rowspan=\"\">\n<div class=\"td-content-wrapper\">\n<div class=\"td-content\">R$ 385,00<\/div>\n<\/div>\n<\/td>\n<td colspan=\"\" rowspan=\"\">\n<div class=\"td-content-wrapper\">\n<div class=\"td-content\">R$ 250,00<\/div>\n<\/div>\n<\/td>\n<td colspan=\"\" rowspan=\"\">\n<div class=\"td-content-wrapper\">\n<div class=\"td-content\">R$ 150,00<\/div>\n<\/div>\n<\/td>\n<\/tr>\n<tr>\n<td colspan=\"\" rowspan=\"\">\n<div class=\"td-content-wrapper\">\n<div class=\"td-content\">3o Lote<\/div>\n<\/div>\n<\/td>\n<td colspan=\"\" rowspan=\"\">\n<div class=\"td-content-wrapper\">\n<div class=\"td-content\">R$ 540,00<\/div>\n<\/div>\n<\/td>\n<td colspan=\"\" rowspan=\"\">\n<div class=\"td-content-wrapper\">\n<div class=\"td-content\">R$ 425,00<\/div>\n<\/div>\n<\/td>\n<td colspan=\"\" rowspan=\"\">\n<div class=\"td-content-wrapper\">\n<div class=\"td-content\">R$ 425,00<\/div>\n<\/div>\n<\/td>\n<td colspan=\"\" rowspan=\"\">\n<div class=\"td-content-wrapper\">\n<div class=\"td-content\">R$ 275,00<\/div>\n<\/div>\n<\/td>\n<td colspan=\"\" rowspan=\"\">\n<div class=\"td-content-wrapper\">\n<div class=\"td-content\">R$ 165,00<\/div>\n<\/div>\n<\/td>\n<\/tr>\n<\/tbody>\n<\/table>\n<\/figure>\n<p><!-- \/wp:table --><\/p>\n<p><!-- wp:heading {\"textAlign\":\"center\",\"level\":1,\"fontSize\":\"large\"} --><\/p>\n<h1 class=\"wp-block-heading has-text-align-center has-large-font-size\"><strong>N\u00e3o-S\u00f3cio<\/strong><\/h1>\n<p><!-- \/wp:heading --><\/p>\n<p><!-- wp:table --><\/p>\n<figure id=\"eael-data-table-fdb1725\" class=\"wp-block-table\">\n<table>\n<thead>\n<tr>\n<th colspan=\"\">\u00a0<\/th>\n<th colspan=\"\"><span class=\"data-table-header-text\">Professor<\/span><\/th>\n<th colspan=\"\"><span class=\"data-table-header-text\">P\u00f3s-Doutor<\/span><\/th>\n<th colspan=\"\"><span class=\"data-table-header-text\">T\u00e9cnico-Laborat\u00f3rio<\/span><\/th>\n<th colspan=\"\"><span class=\"data-table-header-text\">P\u00f3s-Graduando<\/span><\/th>\n<th colspan=\"\"><span class=\"data-table-header-text\">Graduando<\/span><\/th>\n<\/tr>\n<\/thead>\n<tbody>\n<tr>\n<td colspan=\"\" rowspan=\"\">\n<div class=\"td-content-wrapper\">\n<div class=\"td-content\">1o Lote<\/div>\n<\/div>\n<\/td>\n<td colspan=\"\" rowspan=\"\">\n<div class=\"td-content-wrapper\">\n<div class=\"td-content\">R$ 780,00<\/div>\n<\/div>\n<\/td>\n<td colspan=\"\" rowspan=\"\">\n<div class=\"td-content-wrapper\">\n<div class=\"td-content\">R$ 620,00<\/div>\n<\/div>\n<\/td>\n<td colspan=\"\" rowspan=\"\">\n<div class=\"td-content-wrapper\">\n<div class=\"td-content\">R$ 620,00<\/div>\n<\/div>\n<\/td>\n<td colspan=\"\" rowspan=\"\">\n<div class=\"td-content-wrapper\">\n<div class=\"td-content\">R$ 390,00<\/div>\n<\/div>\n<\/td>\n<td colspan=\"\" rowspan=\"\">\n<div class=\"td-content-wrapper\">\n<div class=\"td-content\">R$ 240,00<\/div>\n<\/div>\n<\/td>\n<\/tr>\n<tr>\n<td colspan=\"\" rowspan=\"\">\n<div class=\"td-content-wrapper\">\n<div class=\"td-content\">2o Lote<\/div>\n<\/div>\n<\/td>\n<td colspan=\"\" rowspan=\"\">\n<div class=\"td-content-wrapper\">\n<div class=\"td-content\">R$ 880,00<\/div>\n<\/div>\n<\/td>\n<td colspan=\"\" rowspan=\"\">\n<div class=\"td-content-wrapper\">\n<div class=\"td-content\">R$ 700,00<\/div>\n<\/div>\n<\/td>\n<td colspan=\"\" rowspan=\"\">\n<div class=\"td-content-wrapper\">\n<div class=\"td-content\">R$ 700,00<\/div>\n<\/div>\n<\/td>\n<td colspan=\"\" rowspan=\"\">\n<div class=\"td-content-wrapper\">\n<div class=\"td-content\">R$ 440,00<\/div>\n<\/div>\n<\/td>\n<td colspan=\"\" rowspan=\"\">\n<div class=\"td-content-wrapper\">\n<div class=\"td-content\">R$ 270,00<\/div>\n<\/div>\n<\/td>\n<\/tr>\n<tr>\n<td colspan=\"\" rowspan=\"\">\n<div class=\"td-content-wrapper\">\n<div class=\"td-content\">3o Lote<\/div>\n<\/div>\n<\/td>\n<td colspan=\"\" rowspan=\"\">\n<div class=\"td-content-wrapper\">\n<div class=\"td-content\">R$ 980,00<\/div>\n<\/div>\n<\/td>\n<td colspan=\"\" rowspan=\"\">\n<div class=\"td-content-wrapper\">\n<div class=\"td-content\">R$ 780,00<\/div>\n<\/div>\n<\/td>\n<td colspan=\"\" rowspan=\"\">\n<div class=\"td-content-wrapper\">\n<div class=\"td-content\">R$ 780,00<\/div>\n<\/div>\n<\/td>\n<td colspan=\"\" rowspan=\"\">\n<div class=\"td-content-wrapper\">\n<div class=\"td-content\">R$ 490,00<\/div>\n<\/div>\n<\/td>\n<td colspan=\"\" rowspan=\"\">\n<div class=\"td-content-wrapper\">\n<div class=\"td-content\">R$ 300,00<\/div>\n<\/div>\n<\/td>\n<\/tr>\n<\/tbody>\n<\/table>\n<\/figure>\n<p><!-- \/wp:table --><\/p>\n<p><!-- wp:paragraph {\"align\":\"center\",\"backgroundColor\":\"luminous-vivid-orange\",\"fontSize\":\"medium\"} --><\/p>\n<h2 style=\"text-align: center;\"><strong><span style=\"color: #008000;\">PALESTRANTES <\/span><\/strong><\/h2>\n<h2 style=\"text-align: center;\"><strong><span style=\"color: #008000;\">VALOR \u00daNICO DE R$ 250,00 para qualquer um dos lotes<\/span><\/strong><\/h2>\n<p><!-- \/wp:paragraph --><\/p>\n<p><!-- wp:paragraph --><\/p>\n<p>As inscri\u00e7\u00f5es de S\u00f3cios da SBFis e n\u00e3-S\u00f3cios tem pre\u00e7os diferenciados. Os S\u00f3cios (ADIMPLENTES \u2013 com anuidade em dia com a SBFis) tem um desconto de 50% para participar do Congresso al\u00e9m de poder participar de premia\u00e7\u00e3o e outras vantagens oferecidas pela SBFis (veja o\u00a0<a href=\"https:\/\/www.sbfis.org.br\/pagina\/venhasersocio\">link<\/a>\u00a0para saber mais como ser s\u00f3cio da SBFis). Veja tamb\u00e9m as diferentes categorias de associados da SBFis neste\u00a0<a href=\"https:\/\/www.sbfis.org.br\/web\/arquivos\/108\/upload\/82\/SBFis2023_2024%20SBFis%20quer%20voce%20como%20socio%20PAPEL%20TIMBRADO.pdf\">link<\/a>.<\/p>\n<p><!-- \/wp:paragraph --><\/p>\n<p><!-- wp:paragraph --><\/p>\n<p>As categorias tamb\u00e9m tem valores diferentes.\u00a0<\/p>\n<p><!-- \/wp:paragraph --><\/p>\n<p><!-- wp:paragraph --><\/p>\n<p><strong>Professor<\/strong>:\u00a0docentes e\/ou pesquisadores com mais de 5 (cinco) anos de conclus\u00e3o da tese de doutoramento, profissionais liberais ou aqueles com v\u00ednculo empregat\u00edcio (mesmo que n\u00e3o tenham o doutoramento).<\/p>\n<p><!-- \/wp:paragraph --><\/p>\n<p><!-- wp:paragraph --><\/p>\n<p><strong>P\u00f3s-Doutores<\/strong>: Residentes p\u00f3s-doutorais com 5 anos ou menos de tempo de titula\u00e7\u00e3o que n\u00e3o se encaixem no quadro acima. Os P\u00f3s-doutores devem, necessariamente, estar vinculados a alguma est\u00e1gio p\u00f3s-doutoral em institui\u00e7\u00e3o de ensino superior ou entidade de pesquisa.\u00a0\u00a0<\/p>\n<p><!-- \/wp:paragraph --><\/p>\n<p><!-- wp:paragraph --><\/p>\n<p><strong>T\u00e9cnicos de Laborat\u00f3rio<\/strong>: respons\u00e1veis t\u00e9cnicos por um Laborat\u00f3rio de Pesquisa comandados por um Investigador Principal na categoria de Professor (ver acima).\u00a0\u00a0<\/p>\n<p><!-- \/wp:paragraph --><\/p>\n<p><!-- wp:paragraph --><\/p>\n<p><strong>P\u00f3s-Graduando<\/strong>: estudantes de Doutorado ou Mestrado matriculados em um programa de p\u00f3s-gradua\u00e7\u00e3o reconhecido pelo sistema de avalia\u00e7\u00e3o da CAPES (n\u00edvel maior ou igual a 3).\u00a0<\/p>\n<p><!-- \/wp:paragraph --><\/p>\n<p><!-- wp:paragraph --><\/p>\n<p><strong>Graduando<\/strong>: estudantes de Gradua\u00e7\u00e3o em institui\u00e7\u00f5es de ensino superior, com ou sem inicia\u00e7\u00e3o cient\u00edfica. Os estudantes participantes de programas de inicia\u00e7\u00e3o cient\u00edfica, remunerados ou n\u00e3o, poder\u00e3o tamb\u00e9m submeter trabalhos.\u00a0<\/p>\n<p><!-- \/wp:paragraph --><\/p>\t\t\t\t\t\t<\/div>\n\t\t\t\t<\/div>\n\t\t\t\t<div class=\"elementor-element elementor-element-2ae774d elementor-widget elementor-widget-text-editor\" data-id=\"2ae774d\" data-element_type=\"widget\" data-widget_type=\"text-editor.default\">\n\t\t\t\t<div class=\"elementor-widget-container\">\n\t\t\t\t\t\t\t\t\t\t\t\t\t<\/div>\n\t\t\t\t<\/div>\n\t\t\t\t\t<\/div>\n\t\t\t\t<\/div>\n\t\t\t\t\t\t\t<\/div>\n\t\t","protected":false},"excerpt":{"rendered":"<p>INSCRI\u00c7\u00c3O PARA O CONGRESSO Data prevista para abertura das inscri\u00e7\u00f5es:\u00a01 abril 2024 S\u00f3cio \u00a0 Professor P\u00f3s-Doutor T\u00e9cnico-Laborat\u00f3rio P\u00f3s-Graduando Graduando 1o Lote R$ 430,00 R$ 340,00 R$ 340,00 R$ 220,00 R$ 130,00 2o Lote R$ 485,00 R$ 385,00 R$ 385,00 R$ 250,00 R$ 150,00 3o Lote R$ 540,00 R$ 425,00 R$ 425,00 R$ 275,00 R$ 165,00 [&hellip;]<\/p>\n","protected":false},"author":1,"featured_media":0,"parent":0,"menu_order":0,"comment_status":"closed","ping_status":"closed","template":"","meta":{"_eb_attr":"","footnotes":""},"class_list":["post-494","page","type-page","status-publish","hentry"],"jetpack_sharing_enabled":true,"_links":{"self":[{"href":"https:\/\/fmsyssolucoes.com.br\/sbfis2024\/wp-json\/wp\/v2\/pages\/494","targetHints":{"allow":["GET"]}}],"collection":[{"href":"https:\/\/fmsyssolucoes.com.br\/sbfis2024\/wp-json\/wp\/v2\/pages"}],"about":[{"href":"https:\/\/fmsyssolucoes.com.br\/sbfis2024\/wp-json\/wp\/v2\/types\/page"}],"author":[{"embeddable":true,"href":"https:\/\/fmsyssolucoes.com.br\/sbfis2024\/wp-json\/wp\/v2\/users\/1"}],"replies":[{"embeddable":true,"href":"https:\/\/fmsyssolucoes.com.br\/sbfis2024\/wp-json\/wp\/v2\/comments?post=494"}],"version-history":[{"count":7,"href":"https:\/\/fmsyssolucoes.com.br\/sbfis2024\/wp-json\/wp\/v2\/pages\/494\/revisions"}],"predecessor-version":[{"id":544,"href":"https:\/\/fmsyssolucoes.com.br\/sbfis2024\/wp-json\/wp\/v2\/pages\/494\/revisions\/544"}],"wp:attachment":[{"href":"https:\/\/fmsyssolucoes.com.br\/sbfis2024\/wp-json\/wp\/v2\/media?parent=494"}],"curies":[{"name":"wp","href":"https:\/\/api.w.org\/{rel}","templated":true}]}}